{"id":1582,"date":"2015-10-08T23:20:33","date_gmt":"2015-10-08T22:20:33","guid":{"rendered":"https:\/\/esgfireat40.frontender.se\/financial-freedom-2\/"},"modified":"2022-01-29T22:05:17","modified_gmt":"2022-01-29T21:05:17","slug":"fire-calculator","status":"publish","type":"page","link":"https:\/\/esgfire.com\/sv\/fire-calculator\/","title":{"rendered":"FIRE Kalkylator"},"content":{"rendered":"<p><div class=\"fusion-fullwidth fullwidth-box fusion-builder-row-1 fusion-flex-container nonhundred-percent-fullwidth non-hundred-percent-height-scrolling\" style=\"background-color: rgba(255,255,255,0);background-position: left top;background-repeat: no-repeat;border-width: 0px 0px 0px 0px;border-color:#eaeaea;border-style:solid;\" ><div class=\"fusion-builder-row fusion-row fusion-flex-align-items-flex-start\" style=\"max-width:calc( 1240px + 0px );margin-left: calc(-0px \/ 2 );margin-right: calc(-0px \/ 2 );\"><div class=\"fusion-layout-column fusion_builder_column fusion-builder-column-0 fusion_builder_column_1_1 1_1 fusion-flex-column fusion-flex-align-self-flex-start fusion-column-no-min-height\"><div class=\"fusion-column-wrapper fusion-flex-justify-content-flex-start fusion-content-layout-column\" style=\"background-position:left top;background-repeat:no-repeat;-webkit-background-size:cover;-moz-background-size:cover;-o-background-size:cover;background-size:cover;padding: 0px 0px 0px 0px;\"><div class=\"fusion-text fusion-text-1\"><section class=\"calculator\">\n<h1>FIRE Kalkylator<\/h1>\n<section class=\"screen\">\n<article class=\"screen__explaination\">\n<h2>\n                    Financial Independence, Retire Early.<br \/>\n                <\/h2>\n<\/article>\n<div id=\"screen__display\">\n<div class=\"presentation\">\n<p>Traditionella FIRE f\u00f6respr\u00e5kare anv\u00e4nder 4 % regeln. Genom att anv\u00e4nda 4 % regeln s\u00e4kerst\u00e4ller du att ditt kapital kommer att r\u00e4cka minst 30 \u00e5r . Detta f\u00f6ruts\u00e4tter att du tar ut 4 % av ditt FIRE belopp \u00e5rligen och lever p\u00e5 avkastningen som ditt kapital genererar. <b>F\u00f6r att f\u00e5 fram ditt FIRE belopp multiplicera dina \u00e5rliga kostnader i din egen valuta med 25.<\/b><\/p>\n<\/div>\n<\/div>\n<\/section>\n<section class=\"form\">\n<form id='inputs' action=\"\/sv\/input\/\" data-trp-original-action=\"input\">\n                <input type=\"number\" pattern=\"&#091;1-9&#093;{*}\" id=\"savings\" placeholder=\"Nuvarande besparingar\" required><br \/>\n                <input type=\"number\" id=\"interestRate\" placeholder=\"F\u00f6rv\u00e4ntad avkastning\" required><br \/>\n                <input type=\"number\" id=\"salary\" placeholder=\"\u00c5rlig nettol\u00f6n\" required><br \/>\n                <input type=\"number\" id=\"expenses\" placeholder=\"\u00c5rliga utgifter\" required><\/p>\n<div class=\"form__buttons\">\n                    <button type=\"button\" class=\"form__buttons__calc\" onclick=\"calc()\">Ber\u00e4kna<\/button><br \/>\n                    <button type=\"button\" class=\"form__buttons__refresh\">Rensa<\/button>\n                <\/div>\n<\/p>\n<input type=\"hidden\" name=\"trp-form-language\" value=\"sv\"\/><\/form>\n<\/section>\n<\/section>\n<p>        <script src=\"http:\/\/esgfire.com\/firecalculator.js\"><\/script><\/p>\n<\/div><\/div><style type=\"text\/css\">.fusion-body .fusion-builder-column-0{width:100% !important;margin-top : 0px;margin-bottom : 0px;}.fusion-builder-column-0 > .fusion-column-wrapper {padding-top : 0px !important;padding-right : 0px !important;margin-right : calc( 0.024 * calc( 100% - 0px ) );padding-bottom : 0px !important;padding-left : 0px !important;margin-left : 0px;}@media only screen and (max-width:1024px) {.fusion-body .fusion-builder-column-0{width:100% !important;}.fusion-builder-column-0 > .fusion-column-wrapper {margin-right : 0px;margin-left : 0px;}}@media only screen and (max-width:640px) {.fusion-body .fusion-builder-column-0{width:100% !important;}.fusion-builder-column-0 > .fusion-column-wrapper {margin-right : 0px;margin-left : 0px;}}<\/style><\/div><\/div><style type=\"text\/css\">.fusion-body .fusion-flex-container.fusion-builder-row-1{ padding-top : 100px;margin-top : 0px;padding-right : 0px;padding-bottom : 75px;margin-bottom : 0px;padding-left : 0px;}<\/style><\/div><div class=\"fusion-fullwidth fullwidth-box fusion-builder-row-2 fusion-flex-container nonhundred-percent-fullwidth non-hundred-percent-height-scrolling\" style=\"background-color: #f2f2f2;background-position: left top;background-repeat: no-repeat;border-width: 0px 0px 0px 0px;border-color:#eaeaea;border-style:solid;\" ><div class=\"fusion-builder-row fusion-row fusion-flex-align-items-flex-start\" style=\"max-width:1289.6px;margin-left: calc(-4% \/ 2 );margin-right: calc(-4% \/ 2 );\"><div class=\"fusion-layout-column fusion_builder_column fusion-builder-column-1 fusion_builder_column_1_6 1_6 fusion-flex-column fusion-no-small-visibility\"><div class=\"fusion-column-wrapper fusion-flex-justify-content-flex-start fusion-content-layout-column\" style=\"background-position:left top;background-repeat:no-repeat;-webkit-background-size:cover;-moz-background-size:cover;-o-background-size:cover;background-size:cover;padding: 0px 0px 0px 0px;\"><\/div><style type=\"text\/css\">.fusion-body .fusion-builder-column-1{width:16.666666666667% !important;margin-top : 0px;margin-bottom : 20px;}.fusion-builder-column-1 > .fusion-column-wrapper {padding-top : 0px !important;padding-right : 0px !important;margin-right : 11.52%;padding-bottom : 0px !important;padding-left : 0px !important;margin-left : 11.52%;}@media only screen and (max-width:1024px) {.fusion-body .fusion-builder-column-1{width:100% !important;}.fusion-builder-column-1 > .fusion-column-wrapper {margin-right : 1.92%;margin-left : 1.92%;}}@media only screen and (max-width:640px) {.fusion-body .fusion-builder-column-1{width:100% !important;}.fusion-builder-column-1 > .fusion-column-wrapper {margin-right : 1.92%;margin-left : 1.92%;}}<\/style><\/div><div class=\"fusion-layout-column fusion_builder_column fusion-builder-column-2 fusion_builder_column_2_3 2_3 fusion-flex-column\"><div class=\"fusion-column-wrapper fusion-flex-justify-content-flex-start fusion-content-layout-column\" style=\"background-position:left top;background-repeat:no-repeat;-webkit-background-size:cover;-moz-background-size:cover;-o-background-size:cover;background-size:cover;padding: 0px 0px 0px 0px;\"><style type=\"text\/css\">@media only screen and (max-width:1024px) {.fusion-title.fusion-title-1{margin-top:20px!important; margin-right:0px!important;margin-bottom:20px!important;margin-left:0px!important;}}@media only screen and (max-width:640px) {.fusion-title.fusion-title-1{margin-top:0px!important; margin-right:0px!important;margin-bottom:20px!important; margin-left:0px!important;}}<\/style><div class=\"fusion-title title fusion-title-1 fusion-title-center fusion-title-text fusion-title-size-three\" style=\"font-size:30px;margin-top:20px;margin-right:0px;margin-bottom:20px;margin-left:0px;\"><div class=\"title-sep-container title-sep-container-left\"><div class=\"title-sep sep-\" style=\"border-color:#eaeaea;\"><\/div><\/div><span class=\"awb-title-spacer\"><\/span><h3 class=\"title-heading-center fusion-responsive-typography-calculated\" style=\"font-family:&quot;Fira Sans&quot;;font-weight:400;margin:0;font-size:1em;--fontSize:30;line-height:1.33;\">Anm\u00e4l dig till v\u00e5rt nyhetsbrev<\/h3><span class=\"awb-title-spacer\"><\/span><div class=\"title-sep-container title-sep-container-right\"><div class=\"title-sep sep-\" style=\"border-color:#eaeaea;\"><\/div><\/div><\/div><div class=\"fusion-widget fusion-widget-element fusion-widget-area fusion-content-widget-area wpWidget-1\" style=\"border-width:0px;border-style:solid;\"><div class=\"widget widget_mc4wp_form_widget\"><script>(function() {\n\twindow.mc4wp = window.mc4wp || {\n\t\tlisteners: [],\n\t\tforms: {\n\t\t\ton: function(evt, cb) {\n\t\t\t\twindow.mc4wp.listeners.push(\n\t\t\t\t\t{\n\t\t\t\t\t\tevent   : evt,\n\t\t\t\t\t\tcallback: cb\n\t\t\t\t\t}\n\t\t\t\t);\n\t\t\t}\n\t\t}\n\t}\n})();\n<\/script><!-- Mailchimp for WordPress v4.12.1 - https:\/\/wordpress.org\/plugins\/mailchimp-for-wp\/ --><form id=\"mc4wp-form-1\" class=\"mc4wp-form mc4wp-form-1321\" method=\"post\" data-id=\"1321\" data-name=\"Newletter\" action=\"\" ><div class=\"mc4wp-form-fields\"><p>\r\n  <input type=\"name\" name=\"FNAME\" placeholder=\"Ditt namn\" required style=\"margin-bottom: 20px\" \/>\r\n  <input type=\"email\" name=\"EMAIL\" placeholder=\"Your email\" required \/>\r\n<\/p>\r\n\r\n<p>\r\n  <input type=\"submit\" value=\"Prenumera\" \/>\r\n<\/p>\r\n\r\n<p style=\"margin-top: 12px; font-size: 11px; color: #999; line-height: 1.5; max-width: 320px;\">\r\n  Historisk avkastning \u00e4r ingen garanti f\u00f6r framtida resultat. Nyhetsbrevet \u00e4r avsett f\u00f6r informations\u00e4ndam\u00e5l och utg\u00f6r inte investeringsr\u00e5dgivning.\r\n<\/p><\/div><label style=\"display: none !important;\">L\u00e5t detta f\u00e4lt vara tomt om du \u00e4r m\u00e4nniska: <input type=\"text\" name=\"_mc4wp_honeypot\" value=\"\" tabindex=\"-1\" autocomplete=\"off\" \/><\/label><input type=\"hidden\" name=\"_mc4wp_timestamp\" value=\"1775778591\" \/><input type=\"hidden\" name=\"_mc4wp_form_id\" value=\"1321\" \/><input type=\"hidden\" name=\"_mc4wp_form_element_id\" value=\"mc4wp-form-1\" \/><div class=\"mc4wp-response\"><\/div><input type=\"hidden\" name=\"trp-form-language\" value=\"sv\"\/><\/form><!-- \/ Mailchimp for WordPress Plugin --><\/div><\/div><\/div><style type=\"text\/css\">.fusion-body .fusion-builder-column-2{width:66.666666666667% !important;margin-top : 0px;margin-bottom : 20px;}.fusion-builder-column-2 > .fusion-column-wrapper {padding-top : 0px !important;padding-right : 0px !important;margin-right : 2.88%;padding-bottom : 0px !important;padding-left : 0px !important;margin-left : 2.88%;}@media only screen and (max-width:1024px) {.fusion-body .fusion-builder-column-2{width:100% !important;margin-bottom : 0px;}.fusion-builder-column-2 > .fusion-column-wrapper {margin-right : 1.92%;margin-left : 1.92%;}}@media only screen and (max-width:640px) {.fusion-body .fusion-builder-column-2{width:100% !important;margin-bottom : 0px;}.fusion-builder-column-2 > .fusion-column-wrapper {margin-right : 1.92%;margin-left : 1.92%;}}<\/style><\/div><div class=\"fusion-layout-column fusion_builder_column fusion-builder-column-3 fusion_builder_column_1_6 1_6 fusion-flex-column fusion-no-small-visibility\"><div class=\"fusion-column-wrapper fusion-flex-justify-content-flex-start fusion-content-layout-column\" style=\"background-position:left top;background-repeat:no-repeat;-webkit-background-size:cover;-moz-background-size:cover;-o-background-size:cover;background-size:cover;padding: 0px 0px 0px 0px;\"><\/div><style type=\"text\/css\">.fusion-body .fusion-builder-column-3{width:16.666666666667% !important;margin-top : 0px;margin-bottom : 20px;}.fusion-builder-column-3 > .fusion-column-wrapper {padding-top : 0px !important;padding-right : 0px !important;margin-right : 11.52%;padding-bottom : 0px !important;padding-left : 0px !important;margin-left : 11.52%;}@media only screen and (max-width:1024px) {.fusion-body .fusion-builder-column-3{width:100% !important;}.fusion-builder-column-3 > .fusion-column-wrapper {margin-right : 1.92%;margin-left : 1.92%;}}@media only screen and (max-width:640px) {.fusion-body .fusion-builder-column-3{width:100% !important;}.fusion-builder-column-3 > .fusion-column-wrapper {margin-right : 1.92%;margin-left : 1.92%;}}<\/style><\/div><\/div><style type=\"text\/css\">.fusion-body .fusion-flex-container.fusion-builder-row-2{ padding-top : 80px;margin-top : 0px;padding-right : 0px;padding-bottom : 55px;margin-bottom : 0px;padding-left : 0px;}<\/style><\/div><\/p>","protected":false},"excerpt":{"rendered":"","protected":false},"author":1,"featured_media":0,"parent":0,"menu_order":0,"comment_status":"closed","ping_status":"closed","template":"100-width.php","meta":{"_monsterinsights_skip_tracking":false,"_monsterinsights_sitenote_active":false,"_monsterinsights_sitenote_note":"","_monsterinsights_sitenote_category":0,"footnotes":""},"class_list":["post-1582","page","type-page","status-publish","hentry"],"yoast_head":"<!-- This site is optimized with the Yoast SEO plugin v27.3 - https:\/\/yoast.com\/product\/yoast-seo-wordpress\/ -->\n<title>FIRE Calculator - ESG Fire<\/title>\n<meta name=\"robots\" content=\"index, follow, max-snippet:-1, max-image-preview:large, max-video-preview:-1\" \/>\n<link rel=\"canonical\" href=\"https:\/\/esgfire.com\/sv\/fire-calculator\/\" \/>\n<meta property=\"og:locale\" content=\"sv_SE\" \/>\n<meta property=\"og:type\" content=\"article\" \/>\n<meta property=\"og:title\" content=\"FIRE Calculator - ESG Fire\" \/>\n<meta property=\"og:url\" content=\"https:\/\/esgfire.com\/sv\/fire-calculator\/\" \/>\n<meta property=\"og:site_name\" content=\"ESG Fire\" \/>\n<meta property=\"article:modified_time\" content=\"2022-01-29T21:05:17+00:00\" \/>\n<meta name=\"twitter:card\" content=\"summary_large_image\" \/>\n<meta name=\"twitter:label1\" content=\"Ber\u00e4knad l\u00e4stid\" \/>\n\t<meta name=\"twitter:data1\" content=\"5 minuter\" \/>\n<script type=\"application\/ld+json\" class=\"yoast-schema-graph\">{\"@context\":\"https:\\\/\\\/schema.org\",\"@graph\":[{\"@type\":\"WebPage\",\"@id\":\"https:\\\/\\\/esgfire.com\\\/sv\\\/fire-calculator\\\/\",\"url\":\"https:\\\/\\\/esgfire.com\\\/sv\\\/fire-calculator\\\/\",\"name\":\"FIRE Calculator - ESG Fire\",\"isPartOf\":{\"@id\":\"https:\\\/\\\/esgfire.com\\\/en\\\/#website\"},\"datePublished\":\"2015-10-08T22:20:33+00:00\",\"dateModified\":\"2022-01-29T21:05:17+00:00\",\"breadcrumb\":{\"@id\":\"https:\\\/\\\/esgfire.com\\\/sv\\\/fire-calculator\\\/#breadcrumb\"},\"inLanguage\":\"sv-SE\",\"potentialAction\":[{\"@type\":\"ReadAction\",\"target\":[\"https:\\\/\\\/esgfire.com\\\/sv\\\/fire-calculator\\\/\"]}]},{\"@type\":\"BreadcrumbList\",\"@id\":\"https:\\\/\\\/esgfire.com\\\/sv\\\/fire-calculator\\\/#breadcrumb\",\"itemListElement\":[{\"@type\":\"ListItem\",\"position\":1,\"name\":\"Home\",\"item\":\"https:\\\/\\\/esgfire.com\\\/en\\\/\"},{\"@type\":\"ListItem\",\"position\":2,\"name\":\"FIRE Calculator\"}]},{\"@type\":\"WebSite\",\"@id\":\"https:\\\/\\\/esgfire.com\\\/en\\\/#website\",\"url\":\"https:\\\/\\\/esgfire.com\\\/en\\\/\",\"name\":\"ESG Fire\",\"description\":\"\",\"potentialAction\":[{\"@type\":\"SearchAction\",\"target\":{\"@type\":\"EntryPoint\",\"urlTemplate\":\"https:\\\/\\\/esgfire.com\\\/en\\\/?s={search_term_string}\"},\"query-input\":{\"@type\":\"PropertyValueSpecification\",\"valueRequired\":true,\"valueName\":\"search_term_string\"}}],\"inLanguage\":\"sv-SE\"}]}<\/script>\n<!-- \/ Yoast SEO plugin. -->","yoast_head_json":{"title":"FIRE Calculator - ESG Fire","robots":{"index":"index","follow":"follow","max-snippet":"max-snippet:-1","max-image-preview":"max-image-preview:large","max-video-preview":"max-video-preview:-1"},"canonical":"https:\/\/esgfire.com\/sv\/fire-calculator\/","og_locale":"sv_SE","og_type":"article","og_title":"FIRE Calculator - ESG Fire","og_url":"https:\/\/esgfire.com\/sv\/fire-calculator\/","og_site_name":"ESG Fire","article_modified_time":"2022-01-29T21:05:17+00:00","twitter_card":"summary_large_image","twitter_misc":{"Ber\u00e4knad l\u00e4stid":"5 minuter"},"schema":{"@context":"https:\/\/schema.org","@graph":[{"@type":"WebPage","@id":"https:\/\/esgfire.com\/sv\/fire-calculator\/","url":"https:\/\/esgfire.com\/sv\/fire-calculator\/","name":"FIRE Calculator - ESG Fire","isPartOf":{"@id":"https:\/\/esgfire.com\/en\/#website"},"datePublished":"2015-10-08T22:20:33+00:00","dateModified":"2022-01-29T21:05:17+00:00","breadcrumb":{"@id":"https:\/\/esgfire.com\/sv\/fire-calculator\/#breadcrumb"},"inLanguage":"sv-SE","potentialAction":[{"@type":"ReadAction","target":["https:\/\/esgfire.com\/sv\/fire-calculator\/"]}]},{"@type":"BreadcrumbList","@id":"https:\/\/esgfire.com\/sv\/fire-calculator\/#breadcrumb","itemListElement":[{"@type":"ListItem","position":1,"name":"Home","item":"https:\/\/esgfire.com\/en\/"},{"@type":"ListItem","position":2,"name":"FIRE Calculator"}]},{"@type":"WebSite","@id":"https:\/\/esgfire.com\/en\/#website","url":"https:\/\/esgfire.com\/en\/","name":"ESG Fire","description":"","potentialAction":[{"@type":"SearchAction","target":{"@type":"EntryPoint","urlTemplate":"https:\/\/esgfire.com\/en\/?s={search_term_string}"},"query-input":{"@type":"PropertyValueSpecification","valueRequired":true,"valueName":"search_term_string"}}],"inLanguage":"sv-SE"}]}},"_links":{"self":[{"href":"https:\/\/esgfire.com\/sv\/wp-json\/wp\/v2\/pages\/1582","targetHints":{"allow":["GET"]}}],"collection":[{"href":"https:\/\/esgfire.com\/sv\/wp-json\/wp\/v2\/pages"}],"about":[{"href":"https:\/\/esgfire.com\/sv\/wp-json\/wp\/v2\/types\/page"}],"author":[{"embeddable":true,"href":"https:\/\/esgfire.com\/sv\/wp-json\/wp\/v2\/users\/1"}],"replies":[{"embeddable":true,"href":"https:\/\/esgfire.com\/sv\/wp-json\/wp\/v2\/comments?post=1582"}],"version-history":[{"count":49,"href":"https:\/\/esgfire.com\/sv\/wp-json\/wp\/v2\/pages\/1582\/revisions"}],"predecessor-version":[{"id":2300,"href":"https:\/\/esgfire.com\/sv\/wp-json\/wp\/v2\/pages\/1582\/revisions\/2300"}],"wp:attachment":[{"href":"https:\/\/esgfire.com\/sv\/wp-json\/wp\/v2\/media?parent=1582"}],"curies":[{"name":"wp","href":"https:\/\/api.w.org\/{rel}","templated":true}]}}