{"id":21,"date":"2015-10-08T23:20:33","date_gmt":"2015-10-08T23:20:33","guid":{"rendered":"https:\/\/esgfireat40.frontender.se\/?page_id=21"},"modified":"2022-10-21T21:09:08","modified_gmt":"2022-10-21T20:09:08","slug":"financial-freedom","status":"publish","type":"page","link":"https:\/\/esgfire.com\/sv\/financial-freedom\/","title":{"rendered":"Ekonomisk frihet"},"content":{"rendered":"<p><div class=\"fusion-fullwidth fullwidth-box fusion-builder-row-1 fusion-flex-container nonhundred-percent-fullwidth non-hundred-percent-height-scrolling\" style=\"background-color: rgba(255,255,255,0);background-position: left top;background-repeat: no-repeat;border-width: 0px 0px 0px 0px;border-color:#eaeaea;border-style:solid;\" ><div class=\"fusion-builder-row fusion-row fusion-flex-align-items-flex-start\" style=\"max-width:calc( 1240px + 0px );margin-left: calc(-0px \/ 2 );margin-right: calc(-0px \/ 2 );\"><div class=\"fusion-layout-column fusion_builder_column fusion-builder-column-0 fusion_builder_column_1_6 1_6 fusion-flex-column\"><div class=\"fusion-column-wrapper fusion-flex-justify-content-flex-start fusion-content-layout-column\" style=\"background-position:left top;background-repeat:no-repeat;-webkit-background-size:cover;-moz-background-size:cover;-o-background-size:cover;background-size:cover;padding: 0px 0px 0px 0px;\"><\/div><style type=\"text\/css\">.fusion-body .fusion-builder-column-0{width:16.666666666667% !important;margin-top : 0px;margin-bottom : 20px;}.fusion-builder-column-0 > .fusion-column-wrapper {padding-top : 0px !important;padding-right : 0px !important;margin-right : 0px;padding-bottom : 0px !important;padding-left : 0px !important;margin-left : 0px;}@media only screen and (max-width:1024px) {.fusion-body .fusion-builder-column-0{width:100% !important;order : 0;}.fusion-builder-column-0 > .fusion-column-wrapper {margin-right : 0px;margin-left : 0px;}}@media only screen and (max-width:640px) {.fusion-body .fusion-builder-column-0{width:100% !important;order : 0;}.fusion-builder-column-0 > .fusion-column-wrapper {margin-right : 0px;margin-left : 0px;}}<\/style><\/div><div class=\"fusion-layout-column fusion_builder_column fusion-builder-column-1 fusion_builder_column_2_3 2_3 fusion-flex-column fusion-flex-align-self-flex-start fusion-column-no-min-height\"><div class=\"fusion-column-wrapper fusion-flex-justify-content-flex-start fusion-content-layout-column\" style=\"background-position:left top;background-repeat:no-repeat;-webkit-background-size:cover;-moz-background-size:cover;-o-background-size:cover;background-size:cover;padding: 0px 0px 0px 0px;\"><div class=\"fusion-text fusion-text-1\"><p><strong style=\"color: rgb(0, 0, 0);\">Hur uppn\u00e5r man finansiell frihet?<\/strong><\/p>\n<p><span style=\"color: rgb(0, 0, 0);\">Traditionellt sett har dom flesta FIRE (Financial Independence Retire Early) anh\u00e4ngare f\u00f6respr\u00e5kat att man endast b\u00f6r spara och investera sina h\u00e5rt f\u00f6rv\u00e4rvade pengar i s\u00e4kra utdelningsaktier och indexfonder. Detta \u00e4r definitivt en relativt s\u00e4ker (men tidskr\u00e4vande) metod att uppn\u00e5 finansiell frihet genom. Historiskt har f\u00f6respr\u00e5kare av FIRE metoden \u00e4ven ansett att man ska f\u00f6lja 4 % regeln vilket inneb\u00e4r att du beh\u00f6ver spara tillr\u00e4ckligt med pengar f\u00f6r att kunna leva p\u00e5 4 % avkastning fr\u00e5n ditt kapital f\u00f6r att det ska r\u00e4cka f\u00f6r evigt. Typiskt sett \u00e4r ditt \"FIRE belopp\" framr\u00e4knat genom att du multiplicerar dina \u00e5rliga levnadskostnader med 25. Vi anser att 4 % regeln \u00e4r en bra m\u00e5ttstock f\u00f6r att kunna leva p\u00e5 avkastningen av sina besparingar under en obegr\u00e4nsad tidsperiod. Ifall du b\u00f6rjar med 0 kronor i sparkapital , och \u00e4ven om du har en h\u00f6g spar ratio dvs hur mycket du sparar i f\u00f6rh\u00e5llande till din inkomst, kan det ta dig 15-20 \u00e5r att uppn\u00e5 finansiell frihet genom att endast investera i utdelningsaktier och indexfonder.\u00a0 Vad g\u00f6r du d\u00e5 om du inte vill v\u00e4nta 20 \u00e5r f\u00f6r att bli finansiellt fri? Vad skulle du s\u00e4ga om det fanns ett m\u00f6jligen snabbare (men \u00e4ven mer riskabelt) s\u00e4tt att uppn\u00e5 ditt \"FIRE belopp\"? <\/span><a href=\"https:\/\/www.mrmoneymustache.com\/2012\/05\/29\/how-much-do-i-need-for-retirement\/\" style=\"color: rgb(0, 0, 0);\">K\u00e4lla<\/a><span style=\"color: rgb(0, 0, 0);\">.<\/span><\/p>\n<p><span style=\"color: rgb(0, 0, 0);\">ESGFIRE erbjuder en alternativ v\u00e4g f\u00f6r att uppn\u00e5 finansiell frihet (FIRE) snabbare \u00e4n genom att anv\u00e4nda traditionell utdelningsstrategi. L\u00e4s mer om v\u00e5r strategi under <\/span><a href=\"http:\/\/esgfire.com\/sv\/about-us\/\" style=\"color: rgb(0, 0, 0);\">Om Oss<\/a><span style=\"color: rgb(0, 0, 0);\"> <p style=\"color: white\">.<\/p><\/span><\/p>\n<p style=\"color: rgb(0, 0, 0);\">Vi \u00e4r inte finansiella r\u00e5dgivare och investeringar i aktier \u00e4r alltid f\u00f6renligt med vissa risker. Det \u00e4r m\u00f6jligt att f\u00f6rlora hela ditt satsade kapital<\/p>\n<\/div><\/div><style type=\"text\/css\">.fusion-body .fusion-builder-column-1{width:66.666666666667% !important;margin-top : 0px;margin-bottom : 0px;}.fusion-builder-column-1 > .fusion-column-wrapper {padding-top : 0px !important;padding-right : 0px !important;margin-right : calc( 0.036 * calc( 100% - 0px ) );padding-bottom : 0px !important;padding-left : 0px !important;margin-left : 0px;}@media only screen and (max-width:1024px) {.fusion-body .fusion-builder-column-1{width:100% !important;}.fusion-builder-column-1 > .fusion-column-wrapper {margin-right : 0px;margin-left : 0px;}}@media only screen and (max-width:640px) {.fusion-body .fusion-builder-column-1{width:100% !important;}.fusion-builder-column-1 > .fusion-column-wrapper {margin-right : 0px;margin-left : 0px;}}<\/style><\/div><div class=\"fusion-layout-column fusion_builder_column fusion-builder-column-2 fusion_builder_column_1_6 1_6 fusion-flex-column fusion-flex-align-self-center\"><div class=\"fusion-column-wrapper fusion-flex-justify-content-space-around fusion-content-layout-column\" style=\"background-position:left top;background-repeat:no-repeat;-webkit-background-size:cover;-moz-background-size:cover;-o-background-size:cover;background-size:cover;padding: 0px 0px 0px 0px;\"><\/div><style type=\"text\/css\">.fusion-body .fusion-builder-column-2{width:16.666666666667% !important;margin-top : 0px;margin-bottom : 20px;}.fusion-builder-column-2 > .fusion-column-wrapper {padding-top : 0px !important;padding-right : 0px !important;margin-right : 0px;padding-bottom : 0px !important;padding-left : 0px !important;margin-left : calc( 0.096 * calc( 100% - 0px ) );}@media only screen and (max-width:1024px) {.fusion-body .fusion-builder-column-2{width:100% !important;order : 0;}.fusion-builder-column-2 > .fusion-column-wrapper {margin-right : 0px;margin-left : 0px;}}@media only screen and (max-width:640px) {.fusion-body .fusion-builder-column-2{width:100% !important;order : 0;}.fusion-builder-column-2 > .fusion-column-wrapper {margin-right : 0px;margin-left : 0px;}}<\/style><\/div><\/div><style type=\"text\/css\">.fusion-body .fusion-flex-container.fusion-builder-row-1{ padding-top : 100px;margin-top : 0px;padding-right : 0px;padding-bottom : 75px;margin-bottom : 0px;padding-left : 0px;}<\/style><\/div><div class=\"fusion-fullwidth fullwidth-box fusion-builder-row-2 fusion-flex-container nonhundred-percent-fullwidth non-hundred-percent-height-scrolling\" style=\"background-color: #f2f2f2;background-position: left top;background-repeat: no-repeat;border-width: 0px 0px 0px 0px;border-color:#eaeaea;border-style:solid;\" ><div class=\"fusion-builder-row fusion-row fusion-flex-align-items-flex-start\" style=\"max-width:1289.6px;margin-left: calc(-4% \/ 2 );margin-right: calc(-4% \/ 2 );\"><div class=\"fusion-layout-column fusion_builder_column fusion-builder-column-3 fusion_builder_column_1_6 1_6 fusion-flex-column fusion-no-small-visibility\"><div class=\"fusion-column-wrapper fusion-flex-justify-content-flex-start fusion-content-layout-column\" style=\"background-position:left top;background-repeat:no-repeat;-webkit-background-size:cover;-moz-background-size:cover;-o-background-size:cover;background-size:cover;padding: 0px 0px 0px 0px;\"><\/div><style type=\"text\/css\">.fusion-body .fusion-builder-column-3{width:16.666666666667% !important;margin-top : 0px;margin-bottom : 20px;}.fusion-builder-column-3 > .fusion-column-wrapper {padding-top : 0px !important;padding-right : 0px !important;margin-right : 11.52%;padding-bottom : 0px !important;padding-left : 0px !important;margin-left : 11.52%;}@media only screen and (max-width:1024px) {.fusion-body .fusion-builder-column-3{width:100% !important;}.fusion-builder-column-3 > .fusion-column-wrapper {margin-right : 1.92%;margin-left : 1.92%;}}@media only screen and (max-width:640px) {.fusion-body .fusion-builder-column-3{width:100% !important;}.fusion-builder-column-3 > .fusion-column-wrapper {margin-right : 1.92%;margin-left : 1.92%;}}<\/style><\/div><div class=\"fusion-layout-column fusion_builder_column fusion-builder-column-4 fusion_builder_column_2_3 2_3 fusion-flex-column\"><div class=\"fusion-column-wrapper fusion-flex-justify-content-flex-start fusion-content-layout-column\" style=\"background-position:left top;background-repeat:no-repeat;-webkit-background-size:cover;-moz-background-size:cover;-o-background-size:cover;background-size:cover;padding: 0px 0px 0px 0px;\"><style type=\"text\/css\">@media only screen and (max-width:1024px) {.fusion-title.fusion-title-1{margin-top:20px!important; margin-right:0px!important;margin-bottom:20px!important;margin-left:0px!important;}}@media only screen and (max-width:640px) {.fusion-title.fusion-title-1{margin-top:0px!important; margin-right:0px!important;margin-bottom:20px!important; margin-left:0px!important;}}<\/style><div class=\"fusion-title title fusion-title-1 fusion-title-center fusion-title-text fusion-title-size-three\" style=\"font-size:30px;margin-top:20px;margin-right:0px;margin-bottom:20px;margin-left:0px;\"><div class=\"title-sep-container title-sep-container-left\"><div class=\"title-sep sep-\" style=\"border-color:#eaeaea;\"><\/div><\/div><span class=\"awb-title-spacer\"><\/span><h3 class=\"title-heading-center fusion-responsive-typography-calculated\" style=\"font-family:&quot;Fira Sans&quot;;font-weight:400;margin:0;font-size:1em;--fontSize:30;line-height:1.33;\">Anm\u00e4l dig till v\u00e5rt nyhetsbrev<\/h3><span class=\"awb-title-spacer\"><\/span><div class=\"title-sep-container title-sep-container-right\"><div class=\"title-sep sep-\" style=\"border-color:#eaeaea;\"><\/div><\/div><\/div><div class=\"fusion-widget fusion-widget-element fusion-widget-area fusion-content-widget-area wpWidget-1\" style=\"border-width:0px;border-style:solid;\"><div class=\"widget widget_mc4wp_form_widget\"><div class=\"heading\"><h4 class=\"widget-title\">Nyhetsbrev<\/h4><\/div><script>(function() {\n\twindow.mc4wp = window.mc4wp || {\n\t\tlisteners: [],\n\t\tforms: {\n\t\t\ton: function(evt, cb) {\n\t\t\t\twindow.mc4wp.listeners.push(\n\t\t\t\t\t{\n\t\t\t\t\t\tevent   : evt,\n\t\t\t\t\t\tcallback: cb\n\t\t\t\t\t}\n\t\t\t\t);\n\t\t\t}\n\t\t}\n\t}\n})();\n<\/script><!-- Mailchimp for WordPress v4.12.2 - https:\/\/wordpress.org\/plugins\/mailchimp-for-wp\/ --><form id=\"mc4wp-form-1\" class=\"mc4wp-form mc4wp-form-1321\" method=\"post\" data-id=\"1321\" data-name=\"Newletter\" action=\"\" ><div class=\"mc4wp-form-fields\"><p>\r\n  <input type=\"name\" name=\"FNAME\" placeholder=\"Ditt namn\" required style=\"margin-bottom: 20px\" \/>\r\n  <input type=\"email\" name=\"EMAIL\" placeholder=\"Your email\" required \/>\r\n<\/p>\r\n\r\n<p>\r\n  <input type=\"submit\" value=\"Prenumera\" \/>\r\n<\/p>\r\n\r\n<p style=\"margin-top: 12px; font-size: 11px; color: #999; line-height: 1.5; max-width: 320px;\">\r\n  Historisk avkastning \u00e4r ingen garanti f\u00f6r framtida resultat. Nyhetsbrevet \u00e4r avsett f\u00f6r informations\u00e4ndam\u00e5l och utg\u00f6r inte investeringsr\u00e5dgivning.\r\n<\/p><\/div><label style=\"display: none !important;\">L\u00e5t detta f\u00e4lt vara tomt om du \u00e4r m\u00e4nniska: <input type=\"text\" name=\"_mc4wp_honeypot\" value=\"\" tabindex=\"-1\" autocomplete=\"off\" \/><\/label><input type=\"hidden\" name=\"_mc4wp_timestamp\" value=\"1777649587\" \/><input type=\"hidden\" name=\"_mc4wp_form_id\" value=\"1321\" \/><input type=\"hidden\" name=\"_mc4wp_form_element_id\" value=\"mc4wp-form-1\" \/><div class=\"mc4wp-response\"><\/div><input type=\"hidden\" name=\"trp-form-language\" value=\"sv\"\/><\/form><!-- \/ Mailchimp for WordPress Plugin --><\/div><\/div><\/div><style type=\"text\/css\">.fusion-body .fusion-builder-column-4{width:66.666666666667% !important;margin-top : 0px;margin-bottom : 20px;}.fusion-builder-column-4 > .fusion-column-wrapper {padding-top : 0px !important;padding-right : 0px !important;margin-right : 2.88%;padding-bottom : 0px !important;padding-left : 0px !important;margin-left : 2.88%;}@media only screen and (max-width:1024px) {.fusion-body .fusion-builder-column-4{width:100% !important;margin-bottom : 0px;}.fusion-builder-column-4 > .fusion-column-wrapper {margin-right : 1.92%;margin-left : 1.92%;}}@media only screen and (max-width:640px) {.fusion-body .fusion-builder-column-4{width:100% !important;margin-bottom : 0px;}.fusion-builder-column-4 > .fusion-column-wrapper {margin-right : 1.92%;margin-left : 1.92%;}}<\/style><\/div><div class=\"fusion-layout-column fusion_builder_column fusion-builder-column-5 fusion_builder_column_1_6 1_6 fusion-flex-column fusion-no-small-visibility\"><div class=\"fusion-column-wrapper fusion-flex-justify-content-flex-start fusion-content-layout-column\" style=\"background-position:left top;background-repeat:no-repeat;-webkit-background-size:cover;-moz-background-size:cover;-o-background-size:cover;background-size:cover;padding: 0px 0px 0px 0px;\"><\/div><style type=\"text\/css\">.fusion-body .fusion-builder-column-5{width:16.666666666667% !important;margin-top : 0px;margin-bottom : 20px;}.fusion-builder-column-5 > .fusion-column-wrapper {padding-top : 0px !important;padding-right : 0px !important;margin-right : 11.52%;padding-bottom : 0px !important;padding-left : 0px !important;margin-left : 11.52%;}@media only screen and (max-width:1024px) {.fusion-body .fusion-builder-column-5{width:100% !important;}.fusion-builder-column-5 > .fusion-column-wrapper {margin-right : 1.92%;margin-left : 1.92%;}}@media only screen and (max-width:640px) {.fusion-body .fusion-builder-column-5{width:100% !important;}.fusion-builder-column-5 > .fusion-column-wrapper {margin-right : 1.92%;margin-left : 1.92%;}}<\/style><\/div><\/div><style type=\"text\/css\">.fusion-body .fusion-flex-container.fusion-builder-row-2{ padding-top : 80px;margin-top : 0px;padding-right : 0px;padding-bottom : 55px;margin-bottom : 0px;padding-left : 0px;}<\/style><\/div><\/p>","protected":false},"excerpt":{"rendered":"","protected":false},"author":1,"featured_media":0,"parent":0,"menu_order":0,"comment_status":"closed","ping_status":"closed","template":"100-width.php","meta":{"_monsterinsights_skip_tracking":false,"_monsterinsights_sitenote_active":false,"_monsterinsights_sitenote_note":"","_monsterinsights_sitenote_category":0,"footnotes":""},"class_list":["post-21","page","type-page","status-publish","hentry"],"yoast_head":"<!-- This site is optimized with the Yoast SEO plugin v27.5 - https:\/\/yoast.com\/product\/yoast-seo-wordpress\/ -->\n<title>Financial freedom - ESG Fire<\/title>\n<meta name=\"robots\" content=\"index, follow, max-snippet:-1, max-image-preview:large, max-video-preview:-1\" \/>\n<link rel=\"canonical\" href=\"https:\/\/esgfire.com\/sv\/financial-freedom\/\" \/>\n<meta property=\"og:locale\" content=\"sv_SE\" \/>\n<meta property=\"og:type\" content=\"article\" \/>\n<meta property=\"og:title\" content=\"Financial freedom - ESG Fire\" \/>\n<meta property=\"og:url\" content=\"https:\/\/esgfire.com\/sv\/financial-freedom\/\" \/>\n<meta property=\"og:site_name\" content=\"ESG Fire\" \/>\n<meta property=\"article:modified_time\" content=\"2022-10-21T20:09:08+00:00\" \/>\n<meta name=\"twitter:card\" content=\"summary_large_image\" \/>\n<meta name=\"twitter:label1\" content=\"Ber\u00e4knad l\u00e4stid\" \/>\n\t<meta name=\"twitter:data1\" content=\"5 minuter\" \/>\n<script type=\"application\/ld+json\" class=\"yoast-schema-graph\">{\"@context\":\"https:\\\/\\\/schema.org\",\"@graph\":[{\"@type\":\"WebPage\",\"@id\":\"https:\\\/\\\/esgfire.com\\\/sv\\\/financial-freedom\\\/\",\"url\":\"https:\\\/\\\/esgfire.com\\\/sv\\\/financial-freedom\\\/\",\"name\":\"Financial freedom - ESG Fire\",\"isPartOf\":{\"@id\":\"https:\\\/\\\/esgfire.com\\\/en\\\/#website\"},\"datePublished\":\"2015-10-08T23:20:33+00:00\",\"dateModified\":\"2022-10-21T20:09:08+00:00\",\"breadcrumb\":{\"@id\":\"https:\\\/\\\/esgfire.com\\\/sv\\\/financial-freedom\\\/#breadcrumb\"},\"inLanguage\":\"sv-SE\",\"potentialAction\":[{\"@type\":\"ReadAction\",\"target\":[\"https:\\\/\\\/esgfire.com\\\/sv\\\/financial-freedom\\\/\"]}]},{\"@type\":\"BreadcrumbList\",\"@id\":\"https:\\\/\\\/esgfire.com\\\/sv\\\/financial-freedom\\\/#breadcrumb\",\"itemListElement\":[{\"@type\":\"ListItem\",\"position\":1,\"name\":\"Home\",\"item\":\"https:\\\/\\\/esgfire.com\\\/en\\\/\"},{\"@type\":\"ListItem\",\"position\":2,\"name\":\"Financial freedom\"}]},{\"@type\":\"WebSite\",\"@id\":\"https:\\\/\\\/esgfire.com\\\/en\\\/#website\",\"url\":\"https:\\\/\\\/esgfire.com\\\/en\\\/\",\"name\":\"ESG Fire\",\"description\":\"\",\"potentialAction\":[{\"@type\":\"SearchAction\",\"target\":{\"@type\":\"EntryPoint\",\"urlTemplate\":\"https:\\\/\\\/esgfire.com\\\/en\\\/?s={search_term_string}\"},\"query-input\":{\"@type\":\"PropertyValueSpecification\",\"valueRequired\":true,\"valueName\":\"search_term_string\"}}],\"inLanguage\":\"sv-SE\"}]}<\/script>\n<!-- \/ Yoast SEO plugin. -->","yoast_head_json":{"title":"Financial freedom - ESG Fire","robots":{"index":"index","follow":"follow","max-snippet":"max-snippet:-1","max-image-preview":"max-image-preview:large","max-video-preview":"max-video-preview:-1"},"canonical":"https:\/\/esgfire.com\/sv\/financial-freedom\/","og_locale":"sv_SE","og_type":"article","og_title":"Financial freedom - ESG Fire","og_url":"https:\/\/esgfire.com\/sv\/financial-freedom\/","og_site_name":"ESG Fire","article_modified_time":"2022-10-21T20:09:08+00:00","twitter_card":"summary_large_image","twitter_misc":{"Ber\u00e4knad l\u00e4stid":"5 minuter"},"schema":{"@context":"https:\/\/schema.org","@graph":[{"@type":"WebPage","@id":"https:\/\/esgfire.com\/sv\/financial-freedom\/","url":"https:\/\/esgfire.com\/sv\/financial-freedom\/","name":"Financial freedom - ESG Fire","isPartOf":{"@id":"https:\/\/esgfire.com\/en\/#website"},"datePublished":"2015-10-08T23:20:33+00:00","dateModified":"2022-10-21T20:09:08+00:00","breadcrumb":{"@id":"https:\/\/esgfire.com\/sv\/financial-freedom\/#breadcrumb"},"inLanguage":"sv-SE","potentialAction":[{"@type":"ReadAction","target":["https:\/\/esgfire.com\/sv\/financial-freedom\/"]}]},{"@type":"BreadcrumbList","@id":"https:\/\/esgfire.com\/sv\/financial-freedom\/#breadcrumb","itemListElement":[{"@type":"ListItem","position":1,"name":"Home","item":"https:\/\/esgfire.com\/en\/"},{"@type":"ListItem","position":2,"name":"Financial freedom"}]},{"@type":"WebSite","@id":"https:\/\/esgfire.com\/en\/#website","url":"https:\/\/esgfire.com\/en\/","name":"ESG Fire","description":"","potentialAction":[{"@type":"SearchAction","target":{"@type":"EntryPoint","urlTemplate":"https:\/\/esgfire.com\/en\/?s={search_term_string}"},"query-input":{"@type":"PropertyValueSpecification","valueRequired":true,"valueName":"search_term_string"}}],"inLanguage":"sv-SE"}]}},"_links":{"self":[{"href":"https:\/\/esgfire.com\/sv\/wp-json\/wp\/v2\/pages\/21","targetHints":{"allow":["GET"]}}],"collection":[{"href":"https:\/\/esgfire.com\/sv\/wp-json\/wp\/v2\/pages"}],"about":[{"href":"https:\/\/esgfire.com\/sv\/wp-json\/wp\/v2\/types\/page"}],"author":[{"embeddable":true,"href":"https:\/\/esgfire.com\/sv\/wp-json\/wp\/v2\/users\/1"}],"replies":[{"embeddable":true,"href":"https:\/\/esgfire.com\/sv\/wp-json\/wp\/v2\/comments?post=21"}],"version-history":[{"count":52,"href":"https:\/\/esgfire.com\/sv\/wp-json\/wp\/v2\/pages\/21\/revisions"}],"predecessor-version":[{"id":2954,"href":"https:\/\/esgfire.com\/sv\/wp-json\/wp\/v2\/pages\/21\/revisions\/2954"}],"wp:attachment":[{"href":"https:\/\/esgfire.com\/sv\/wp-json\/wp\/v2\/media?parent=21"}],"curies":[{"name":"wp","href":"https:\/\/api.w.org\/{rel}","templated":true}]}}