{"id":2872,"date":"2022-10-03T15:53:45","date_gmt":"2022-10-03T14:53:45","guid":{"rendered":"http:\/\/esgfire.com\/?page_id=2872"},"modified":"2026-03-03T11:16:45","modified_gmt":"2026-03-03T10:16:45","slug":"newsletter-2","status":"publish","type":"page","link":"https:\/\/esgfire.com\/sv\/newsletter-2\/","title":{"rendered":"Nyhetsbrev"},"content":{"rendered":"<div class=\"fusion-fullwidth fullwidth-box fusion-builder-row-1 fusion-flex-container nonhundred-percent-fullwidth non-hundred-percent-height-scrolling fusion-animated\" style=\"background-color: var(--awb-color2);background-position: left top;background-repeat: no-repeat;background-blend-mode: screen;border-width: 0px 0px 0px 0px;border-color:#eaeaea;border-style:solid;\" data-animationtype=\"fadeInUp\" data-animationduration=\"1.3\" data-animationoffset=\"top-into-view\" ><div class=\"fusion-builder-row fusion-row fusion-flex-align-items-flex-start fusion-flex-justify-content-center\" style=\"max-width:calc( 1240px + 0px );margin-left: calc(-0px \/ 2 );margin-right: calc(-0px \/ 2 );\"><div class=\"fusion-layout-column fusion_builder_column fusion-builder-column-0 fusion-flex-column fusion-animated\" data-animationtype=\"fadeInUp\" data-animationduration=\"1.3\" data-animationoffset=\"top-into-view\"><div class=\"fusion-column-wrapper fusion-flex-justify-content-flex-start fusion-content-layout-column\" style=\"background-position:left top;background-repeat:no-repeat;-webkit-background-size:cover;-moz-background-size:cover;-o-background-size:cover;background-size:cover;border-radius:0px 9px 9px 0px;background-color:var(--awb-color1);border-radius:0px 9px 9px 0px;overflow:hidden;padding: 3vw 4vw 4vw 4vw;\"><div class=\"fusion-builder-row fusion-builder-row-inner fusion-row fusion-flex-align-items-flex-start fusion-flex-justify-content-center\" style=\"width:calc( 100% + 0px ) !important;max-width:calc( 100% + 0px ) !important;margin-left: calc(-0px \/ 2 );margin-right: calc(-0px \/ 2 );\"><div class=\"fusion-layout-column fusion_builder_column_inner fusion-builder-nested-column-0 fusion_builder_column_inner_1_1 1_1 fusion-flex-column\"><div class=\"fusion-column-wrapper fusion-flex-justify-content-flex-start fusion-content-layout-column\" style=\"background-position:left top;background-repeat:no-repeat;-webkit-background-size:cover;-moz-background-size:cover;-o-background-size:cover;background-size:cover;border-radius:10px 10px 10px 10px;background-color:#000000;border-radius:10px 10px 10px 10px;overflow:hidden;padding: 0px 10% 0px 10%;\"><div class=\"fusion-text fusion-text-1 fusion-text-no-margin\" style=\"text-align:center;font-size:var(--awb-typography4-font-size);line-height:---4--in;letter-spacing:var(--awb-typography4-letter-spacing);text-transform:var(--awb-typography4-text-transform);color:#ffffff;font-family:&quot;var(--awb-typography4-font-family)&quot;;font-weight:var(--awb-typography4);margin-bottom:0px;\"><h5 class=\"fusion-responsive-typography-calculated\" style=\"--fontsize: 15; line-height: 1.73; --minfontsize: 15; color: #ffffff;\" data-fontsize=\"15\" data-lineheight=\"25.95px\"><b>Prenumerera p\u00e5 ESGFIRE:s nyhetsbrev<\/b><\/h5>\n<\/div><div class=\"fusion-text fusion-text-2 fusion-text-no-margin\" style=\"text-align:center;font-size:var(--awb-typography4-font-size);line-height:---4--in;letter-spacing:var(--awb-typography4-letter-spacing);text-transform:var(--awb-typography4-text-transform);color:#ffffff;font-family:&quot;var(--awb-typography4-font-family)&quot;;font-weight:var(--awb-typography4);margin-bottom:0px;\"><h3 class=\"fusion-responsive-typography-calculated\" style=\"--fontsize: 40; line-height: 1.45; color: #ecd69d;\" data-fontsize=\"40\" data-lineheight=\"58px\"><b>Strategiska marknadsinsikter f\u00f6r l\u00e5ngsiktiga investerare.<\/b><\/h3>\n<\/div><div class=\"fusion-text fusion-text-3 fusion-text-no-margin\" style=\"text-align:center;font-size:14px;line-height:---4--in;letter-spacing:var(--awb-typography4-letter-spacing);text-transform:var(--awb-typography4-text-transform);color:#ffffff;font-family:&quot;var(--awb-typography4-font-family)&quot;;font-weight:var(--awb-typography4);margin-bottom:30px;\"><p><span style=\"font-weight: 400;\">Sedan 2018 har utvalda investeringar genererat \u00f6ver 1 000 % i kumulativ avkastning \u2014 baserat p\u00e5 disciplinerad kapitalallokering och tydlig tematisk inriktning.<\/span><\/p>\n<p><span style=\"font-weight: 400;\">Ta del av f\u00f6rdjupad analys, kapitalmarknadskommentarer och bevakning av snabbv\u00e4xande bolag inom h\u00e5llbarhet och strategiska teknologier.<\/span><\/p>\n<p>\u00a0<\/p>\n<p><b>Som prenumerant f\u00e5r du:<\/b><\/p>\n<ul>\n<li style=\"font-weight: 400;\" aria-level=\"1\"><span style=\"font-weight: 400;\">F\u00f6rdjupade sektor- och temaanalyser<\/span><\/li>\n<li style=\"font-weight: 400;\" aria-level=\"1\"><span style=\"font-weight: 400;\">Bevakning av tillv\u00e4xtbolag och noterade bolag<\/span><\/li>\n<li style=\"font-weight: 400;\" aria-level=\"1\"><span style=\"font-weight: 400;\">Kapitalmarknadsperspektiv och IPO-insikter<\/span><\/li>\n<li style=\"font-weight: 400;\" aria-level=\"1\"><span style=\"font-weight: 400;\">Tillg\u00e5ng till utvalda rapporter och investerarinbjudningar<\/span><\/li>\n<\/ul>\n<p><span style=\"font-weight: 400;\">Nyhetsbrevet distribueras m\u00e5nadsvis. Du kan n\u00e4r som helst avsluta din prenumeration.<\/span><\/p>\n<\/div><style>.fusion-form-form-wrapper .fusion-form-2883 .fusion-form-tooltip .fusion-form-tooltip-content{color:#ffffff !important;background-color:#333333 !important;border-color:#333333 !important;}<\/style><div class=\"fusion-form fusion-form-builder fusion-form-form-wrapper fusion-form-2883\" data-form-id=\"2883\" data-config=\"{&quot;form_id&quot;:&quot;2883&quot;,&quot;form_post_id&quot;:&quot;2883&quot;,&quot;post_id&quot;:2872,&quot;form_type&quot;:&quot;database&quot;,&quot;confirmation_type&quot;:&quot;message&quot;,&quot;redirect_url&quot;:&quot;&quot;,&quot;field_labels&quot;:[],&quot;field_logics&quot;:[]}\"><form action=\"https:\/\/esgfire.com\/sv\/newsletter-2\/\" method=\"post\" class=\"fusion-form fusion-form-2883\" data-trp-original-action=\"https:\/\/esgfire.com\/sv\/newsletter-2\/\"><div class=\"fusion-fullwidth fullwidth-box fusion-builder-row-1-1 fusion-flex-container nonhundred-percent-fullwidth non-hundred-percent-height-scrolling\" style=\"background-color: rgba(255,255,255,0);background-position: center center;background-repeat: no-repeat;border-width: 0px 0px 0px 0px;border-color:#eaeaea;border-style:solid;\" ><div class=\"fusion-builder-row fusion-row fusion-flex-align-items-center\" style=\"width:104% !important;max-width:104% !important;margin-left: calc(-4% \/ 2 );margin-right: calc(-4% \/ 2 );\"><div class=\"fusion-layout-column fusion_builder_column fusion-builder-column-1 fusion_builder_column_1_1 1_1 fusion-flex-column fusion-flex-align-self-center\"><div class=\"fusion-column-wrapper fusion-flex-justify-content-space-around fusion-content-layout-column\" style=\"background-position:left top;background-repeat:no-repeat;-webkit-background-size:cover;-moz-background-size:cover;-o-background-size:cover;background-size:cover;padding: 0px 0px 0px 0px;\"><div class=\"fusion-text fusion-text-4\"><script>(function() {\n\twindow.mc4wp = window.mc4wp || {\n\t\tlisteners: [],\n\t\tforms: {\n\t\t\ton: function(evt, cb) {\n\t\t\t\twindow.mc4wp.listeners.push(\n\t\t\t\t\t{\n\t\t\t\t\t\tevent   : evt,\n\t\t\t\t\t\tcallback: cb\n\t\t\t\t\t}\n\t\t\t\t);\n\t\t\t}\n\t\t}\n\t}\n})();\n<\/script><!-- Mailchimp for WordPress v4.12.1 - https:\/\/wordpress.org\/plugins\/mailchimp-for-wp\/ --><form id=\"mc4wp-form-1\" class=\"mc4wp-form mc4wp-form-1321\" method=\"post\" data-id=\"1321\" data-name=\"Newletter\" ><div class=\"mc4wp-form-fields\"><p>\r\n  <input type=\"name\" name=\"FNAME\" placeholder=\"Ditt namn\" required style=\"margin-bottom: 20px\" \/>\r\n  <input type=\"email\" name=\"EMAIL\" placeholder=\"Your email\" required \/>\r\n<\/p>\r\n\r\n<p>\r\n  <input type=\"submit\" value=\"Prenumera\" \/>\r\n<\/p>\r\n\r\n<p style=\"margin-top: 12px; font-size: 11px; color: #999; line-height: 1.5; max-width: 320px;\">\r\n  Historisk avkastning \u00e4r ingen garanti f\u00f6r framtida resultat. Nyhetsbrevet \u00e4r avsett f\u00f6r informations\u00e4ndam\u00e5l och utg\u00f6r inte investeringsr\u00e5dgivning.\r\n<\/p><\/div><label style=\"display: none !important;\">L\u00e5t detta f\u00e4lt vara tomt om du \u00e4r m\u00e4nniska: <input type=\"text\" name=\"_mc4wp_honeypot\" value=\"\" tabindex=\"-1\" autocomplete=\"off\" \/><\/label><input type=\"hidden\" name=\"_mc4wp_timestamp\" value=\"1775772687\" \/><input type=\"hidden\" name=\"_mc4wp_form_id\" value=\"1321\" \/><input type=\"hidden\" name=\"_mc4wp_form_element_id\" value=\"mc4wp-form-1\" \/><div class=\"mc4wp-response\"><\/div><\/form><!-- \/ Mailchimp for WordPress Plugin -->\n<\/div><\/div><style type=\"text\/css\">.fusion-body .fusion-builder-column-1{width:100% !important;margin-top : 0px;margin-bottom : 0px;}.fusion-builder-column-1 > .fusion-column-wrapper {padding-top : 0px !important;padding-right : 0px !important;margin-right : 1.92%;padding-bottom : 0px !important;padding-left : 0px !important;margin-left : 1.92%;}@media only screen and (max-width:1024px) {.fusion-body .fusion-builder-column-1{width:100% !important;order : 0;}.fusion-builder-column-1 > .fusion-column-wrapper {margin-right : 1.92%;margin-left : 1.92%;}}@media only screen and (max-width:640px) {.fusion-body .fusion-builder-column-1{width:100% !important;order : 0;}.fusion-builder-column-1 > .fusion-column-wrapper {margin-right : 1.92%;margin-left : 1.92%;}}<\/style><\/div><div class=\"fusion-layout-column fusion_builder_column fusion-builder-column-2 fusion_builder_column_1_1 1_1 fusion-flex-column\"><div class=\"fusion-column-wrapper fusion-flex-justify-content-flex-start fusion-content-layout-column\" style=\"background-position:left top;background-repeat:no-repeat;-webkit-background-size:cover;-moz-background-size:cover;-o-background-size:cover;background-size:cover;padding: 0px 0px 0px 0px;\"><\/div><style type=\"text\/css\">.fusion-body .fusion-builder-column-2{width:100% !important;margin-top : 0px;margin-bottom : 0px;}.fusion-builder-column-2 > .fusion-column-wrapper {padding-top : 0px !important;padding-right : 0px !important;margin-right : 1.92%;padding-bottom : 0px !important;padding-left : 0px !important;margin-left : 1.92%;}@media only screen and (max-width:1024px) {.fusion-body .fusion-builder-column-2{width:100% !important;order : 0;}.fusion-builder-column-2 > .fusion-column-wrapper {margin-right : 1.92%;margin-left : 1.92%;}}@media only screen and (max-width:640px) {.fusion-body .fusion-builder-column-2{width:100% !important;order : 0;}.fusion-builder-column-2 > .fusion-column-wrapper {margin-right : 1.92%;margin-left : 1.92%;}}<\/style><\/div><div class=\"fusion-layout-column fusion_builder_column fusion-builder-column-3 fusion_builder_column_1_1 1_1 fusion-flex-column\"><div class=\"fusion-column-wrapper fusion-flex-justify-content-flex-start fusion-content-layout-column\" style=\"background-position:left top;background-repeat:no-repeat;-webkit-background-size:cover;-moz-background-size:cover;-o-background-size:cover;background-size:cover;padding: 0px 0px 0px 0px;\"><div class=\"form-submission-notices\" id=\"fusion-notices-1\"><div class=\"fusion-alert alert success alert-success fusion-alert-center fusion-form-response fusion-form-response-success fusion-alert-capitalize alert-dismissable\" style=\"background-color:#dff0d8;color:rgba(92,163,64,1);border-color:rgba(92,163,64,1);border-width:1px;\"><button type=\"button\" class=\"close toggle-alert\" data-dismiss=\"alert\" aria-label=\"Close\">&times;<\/button><div class=\"fusion-alert-content-wrapper\"><span class=\"alert-icon\"><i class=\"fa-lg fa fa-check-circle\" aria-hidden=\"true\"><\/i><\/span><span class=\"fusion-alert-content\">Tack f\u00f6r ditt meddelande. Det \u00e4r skickat.<\/span><\/div><\/div><div class=\"fusion-alert alert error alert-danger fusion-alert-center fusion-form-response fusion-form-response-error fusion-alert-capitalize alert-dismissable\" style=\"background-color:#f2dede;color:rgba(166,66,66,1);border-color:rgba(166,66,66,1);border-width:1px;\"><button type=\"button\" class=\"close toggle-alert\" data-dismiss=\"alert\" aria-label=\"Close\">&times;<\/button><div class=\"fusion-alert-content-wrapper\"><span class=\"alert-icon\"><i class=\"fa-lg fa fa-exclamation-triangle\" aria-hidden=\"true\"><\/i><\/span><span class=\"fusion-alert-content\">Ett fel uppstod. Va god och f\u00f6rs\u00f6k igen senare.<\/span><\/div><\/div><\/div><\/div><style type=\"text\/css\">.fusion-body .fusion-builder-column-3{width:100% !important;margin-top : 20px;margin-bottom : 0px;}.fusion-builder-column-3 > .fusion-column-wrapper {padding-top : 0px !important;padding-right : 0px !important;margin-right : 1.92%;padding-bottom : 0px !important;padding-left : 0px !important;margin-left : 1.92%;}@media only screen and (max-width:1024px) {.fusion-body .fusion-builder-column-3{width:100% !important;order : 0;}.fusion-builder-column-3 > .fusion-column-wrapper {margin-right : 1.92%;margin-left : 1.92%;}}@media only screen and (max-width:640px) {.fusion-body .fusion-builder-column-3{width:100% !important;order : 0;}.fusion-builder-column-3 > .fusion-column-wrapper {margin-right : 1.92%;margin-left : 1.92%;}}<\/style><\/div><\/div><style type=\"text\/css\">.fusion-body .fusion-flex-container.fusion-builder-row-1-1{ padding-top : 0px;margin-top : 0;padding-right : 0px;padding-bottom : 0px;margin-bottom : 0;padding-left : 0px;}<\/style><\/div><input type=\"hidden\" name=\"fusion_privacy_store_ip_ua\" value=\"false\"><input type=\"hidden\" name=\"fusion_privacy_expiration_interval\" value=\"48\"><input type=\"hidden\" name=\"privacy_expiration_action\" value=\"anonymize\"><input type=\"hidden\" name=\"trp-form-language\" value=\"sv\"\/><\/form><\/div><\/div><style type=\"text\/css\">.fusion-body .fusion-builder-nested-column-0{width:100% !important;margin-top : 0px;margin-bottom : 0px;}.fusion-builder-nested-column-0 > .fusion-column-wrapper {padding-top : 0px !important;padding-right : 10% !important;margin-right : 0;padding-bottom : 0px !important;padding-left : 10% !important;margin-left : 0;}@media only screen and (max-width:1024px) {.fusion-body .fusion-builder-nested-column-0{width:100% !important;order : 0;}.fusion-builder-nested-column-0 > .fusion-column-wrapper {margin-right : 0;margin-left : 0;}}@media only screen and (max-width:640px) {.fusion-body .fusion-builder-nested-column-0{width:100% !important;order : 0;}.fusion-builder-nested-column-0 > .fusion-column-wrapper {margin-right : 0;margin-left : 0;}}<\/style><\/div><\/div><\/div><style type=\"text\/css\">.fusion-body .fusion-builder-column-0{width:55% !important;margin-top : 0px;margin-bottom : 0px;}.fusion-builder-column-0 > .fusion-column-wrapper {padding-top : 3vw !important;padding-right : 4vw !important;margin-right : 0;padding-bottom : 4vw !important;padding-left : 4vw !important;margin-left : calc( 0.04 * calc( 100% - 0 ) );}@media only screen and (max-width:1024px) {.fusion-body .fusion-builder-column-0{width:100% !important;order : 0;}.fusion-builder-column-0 > .fusion-column-wrapper {margin-right : 0;margin-left : 0;}}@media only screen and (max-width:640px) {.fusion-body .fusion-builder-column-0{width:100% !important;order : 1;}.fusion-builder-column-0 > .fusion-column-wrapper {padding-top : 0 !important;padding-right : 10px !important;margin-right : 0;padding-bottom : 0 !important;padding-left : 10px !important;margin-left : 0;}}<\/style><\/div><\/div><style type=\"text\/css\">.fusion-body .fusion-flex-container.fusion-builder-row-1{ padding-top : 0px;margin-top : 0px;padding-right : 0px;padding-bottom : 5vw;margin-bottom : 0px;padding-left : 0px;}@media only screen and (max-width:1024px) {.fusion-body .fusion-flex-container.fusion-builder-row-1{ padding-top : 0px;padding-bottom : 0px;}}@media only screen and (max-width:640px) {.fusion-body .fusion-flex-container.fusion-builder-row-1{ padding-top : 0;}}<\/style><\/div>","protected":false},"excerpt":{"rendered":"","protected":false},"author":3,"featured_media":0,"parent":0,"menu_order":0,"comment_status":"closed","ping_status":"closed","template":"","meta":{"_monsterinsights_skip_tracking":false,"_monsterinsights_sitenote_active":false,"_monsterinsights_sitenote_note":"","_monsterinsights_sitenote_category":0,"footnotes":""},"class_list":["post-2872","page","type-page","status-publish","hentry"],"yoast_head":"<!-- This site is optimized with the Yoast SEO plugin v27.3 - https:\/\/yoast.com\/product\/yoast-seo-wordpress\/ -->\n<title>Newsletter - ESG Fire<\/title>\n<meta name=\"robots\" content=\"index, follow, max-snippet:-1, max-image-preview:large, max-video-preview:-1\" \/>\n<link rel=\"canonical\" href=\"https:\/\/esgfire.com\/sv\/newsletter-2\/\" \/>\n<meta property=\"og:locale\" content=\"sv_SE\" \/>\n<meta property=\"og:type\" content=\"article\" \/>\n<meta property=\"og:title\" content=\"Newsletter - ESG Fire\" \/>\n<meta property=\"og:url\" content=\"https:\/\/esgfire.com\/sv\/newsletter-2\/\" \/>\n<meta property=\"og:site_name\" content=\"ESG Fire\" \/>\n<meta property=\"article:modified_time\" content=\"2026-03-03T10:16:45+00:00\" \/>\n<meta name=\"twitter:card\" content=\"summary_large_image\" \/>\n<meta name=\"twitter:label1\" content=\"Ber\u00e4knad l\u00e4stid\" \/>\n\t<meta name=\"twitter:data1\" content=\"5 minuter\" \/>\n<script type=\"application\/ld+json\" class=\"yoast-schema-graph\">{\"@context\":\"https:\\\/\\\/schema.org\",\"@graph\":[{\"@type\":\"WebPage\",\"@id\":\"https:\\\/\\\/esgfire.com\\\/en\\\/newsletter-2\\\/\",\"url\":\"https:\\\/\\\/esgfire.com\\\/en\\\/newsletter-2\\\/\",\"name\":\"Newsletter - ESG Fire\",\"isPartOf\":{\"@id\":\"https:\\\/\\\/esgfire.com\\\/en\\\/#website\"},\"datePublished\":\"2022-10-03T14:53:45+00:00\",\"dateModified\":\"2026-03-03T10:16:45+00:00\",\"breadcrumb\":{\"@id\":\"https:\\\/\\\/esgfire.com\\\/en\\\/newsletter-2\\\/#breadcrumb\"},\"inLanguage\":\"sv-SE\",\"potentialAction\":[{\"@type\":\"ReadAction\",\"target\":[\"https:\\\/\\\/esgfire.com\\\/en\\\/newsletter-2\\\/\"]}]},{\"@type\":\"BreadcrumbList\",\"@id\":\"https:\\\/\\\/esgfire.com\\\/en\\\/newsletter-2\\\/#breadcrumb\",\"itemListElement\":[{\"@type\":\"ListItem\",\"position\":1,\"name\":\"Home\",\"item\":\"https:\\\/\\\/esgfire.com\\\/en\\\/\"},{\"@type\":\"ListItem\",\"position\":2,\"name\":\"Newsletter\"}]},{\"@type\":\"WebSite\",\"@id\":\"https:\\\/\\\/esgfire.com\\\/en\\\/#website\",\"url\":\"https:\\\/\\\/esgfire.com\\\/en\\\/\",\"name\":\"ESG Fire\",\"description\":\"\",\"potentialAction\":[{\"@type\":\"SearchAction\",\"target\":{\"@type\":\"EntryPoint\",\"urlTemplate\":\"https:\\\/\\\/esgfire.com\\\/en\\\/?s={search_term_string}\"},\"query-input\":{\"@type\":\"PropertyValueSpecification\",\"valueRequired\":true,\"valueName\":\"search_term_string\"}}],\"inLanguage\":\"sv-SE\"}]}<\/script>\n<!-- \/ Yoast SEO plugin. -->","yoast_head_json":{"title":"Newsletter - ESG Fire","robots":{"index":"index","follow":"follow","max-snippet":"max-snippet:-1","max-image-preview":"max-image-preview:large","max-video-preview":"max-video-preview:-1"},"canonical":"https:\/\/esgfire.com\/sv\/newsletter-2\/","og_locale":"sv_SE","og_type":"article","og_title":"Newsletter - ESG Fire","og_url":"https:\/\/esgfire.com\/sv\/newsletter-2\/","og_site_name":"ESG Fire","article_modified_time":"2026-03-03T10:16:45+00:00","twitter_card":"summary_large_image","twitter_misc":{"Ber\u00e4knad l\u00e4stid":"5 minuter"},"schema":{"@context":"https:\/\/schema.org","@graph":[{"@type":"WebPage","@id":"https:\/\/esgfire.com\/en\/newsletter-2\/","url":"https:\/\/esgfire.com\/en\/newsletter-2\/","name":"Newsletter - ESG Fire","isPartOf":{"@id":"https:\/\/esgfire.com\/en\/#website"},"datePublished":"2022-10-03T14:53:45+00:00","dateModified":"2026-03-03T10:16:45+00:00","breadcrumb":{"@id":"https:\/\/esgfire.com\/en\/newsletter-2\/#breadcrumb"},"inLanguage":"sv-SE","potentialAction":[{"@type":"ReadAction","target":["https:\/\/esgfire.com\/en\/newsletter-2\/"]}]},{"@type":"BreadcrumbList","@id":"https:\/\/esgfire.com\/en\/newsletter-2\/#breadcrumb","itemListElement":[{"@type":"ListItem","position":1,"name":"Home","item":"https:\/\/esgfire.com\/en\/"},{"@type":"ListItem","position":2,"name":"Newsletter"}]},{"@type":"WebSite","@id":"https:\/\/esgfire.com\/en\/#website","url":"https:\/\/esgfire.com\/en\/","name":"ESG Fire","description":"","potentialAction":[{"@type":"SearchAction","target":{"@type":"EntryPoint","urlTemplate":"https:\/\/esgfire.com\/en\/?s={search_term_string}"},"query-input":{"@type":"PropertyValueSpecification","valueRequired":true,"valueName":"search_term_string"}}],"inLanguage":"sv-SE"}]}},"_links":{"self":[{"href":"https:\/\/esgfire.com\/sv\/wp-json\/wp\/v2\/pages\/2872","targetHints":{"allow":["GET"]}}],"collection":[{"href":"https:\/\/esgfire.com\/sv\/wp-json\/wp\/v2\/pages"}],"about":[{"href":"https:\/\/esgfire.com\/sv\/wp-json\/wp\/v2\/types\/page"}],"author":[{"embeddable":true,"href":"https:\/\/esgfire.com\/sv\/wp-json\/wp\/v2\/users\/3"}],"replies":[{"embeddable":true,"href":"https:\/\/esgfire.com\/sv\/wp-json\/wp\/v2\/comments?post=2872"}],"version-history":[{"count":19,"href":"https:\/\/esgfire.com\/sv\/wp-json\/wp\/v2\/pages\/2872\/revisions"}],"predecessor-version":[{"id":4233,"href":"https:\/\/esgfire.com\/sv\/wp-json\/wp\/v2\/pages\/2872\/revisions\/4233"}],"wp:attachment":[{"href":"https:\/\/esgfire.com\/sv\/wp-json\/wp\/v2\/media?parent=2872"}],"curies":[{"name":"wp","href":"https:\/\/api.w.org\/{rel}","templated":true}]}}